{"id":793,"date":"2023-05-09T11:55:57","date_gmt":"2023-05-09T09:55:57","guid":{"rendered":"http:\/\/installacions-aud-recursos-test.azurewebsites.net\/?page_id=793"},"modified":"2023-07-04T09:30:15","modified_gmt":"2023-07-04T07:30:15","slug":"2-9-2-proyecto-tecnico","status":"publish","type":"page","link":"http:\/\/installacions-audiovisuals-test.recursos.uoc.edu\/es\/2-9-2-proyecto-tecnico\/","title":{"rendered":"2.9.2. Proyecto t\u00e9cnico"},"content":{"rendered":"<h4><strong>Planos<\/strong><\/h4>\n<p>Al hacer la implantaci\u00f3n y crear el plano ubicamos la posici\u00f3n espacial de todos los elementos t\u00e9cnicos y esc\u00e9nicos de un proyecto. En el caso concreto de Macao, la implantaci\u00f3n t\u00e9cnica era tan sencilla que bastaba con definir la ubicaci\u00f3n del proyector de v\u00eddeo, del equipo de sonido y de la zona t\u00e9cnica de control.<\/p>\n<p>En otros proyectos, se define el tama\u00f1o y la posici\u00f3n de la pantalla o los proyectores; se marcan medidas y distancias entre elementos, y se marcan las tiradas de cableado que hay que hacer para el conexionado de los equipos t\u00e9cnicos. Si existen elementos esc\u00e9nicos, hay que aportar planos con medidas para construirlos.<\/p>\n<h4><strong><em>Rider<\/em> t\u00e9cnico<\/strong><\/h4>\n<p>El <em>rider<\/em> t\u00e9cnico o especificaci\u00f3n t\u00e9cnica es una lista desglosada de todo el material necesario para la producci\u00f3n t\u00e9cnica del proyecto. En esta lista aparece el nombre de los equipos t\u00e9cnicos, sus caracter\u00edsticas y potencias, las unidades de cada uno de los que se van a utilizar, as\u00ed como un listado con el cableado, el material de construcci\u00f3n, el material fungible y las herramientas que se van a necesitar.<\/p>\n<h4><strong><em>Rider<\/em> b\u00e1sico<\/strong><\/h4>\n<p>Desglosamos el contenido de esta especificaci\u00f3n en la siguiente tabla:<\/p>\n<div class=\"tabletitle\"><p>Tabla 2. <em>Rider <\/em>t\u00e9cnico<\/p>\n<\/div>\n<table>\n<tbody>\n<tr>\n<th scope=\"row\">Sistema de video<\/th>\n<td>\n<ul>\n<li>Proyector.<\/li>\n<li><em>Switcher.<\/em><\/li>\n<li>Cableado.<\/li>\n<\/ul>\n<\/td>\n<\/tr>\n<tr>\n<th scope=\"row\">Sistema inform\u00e1tico<\/th>\n<td>\n<ul>\n<li>2 ordenadores.<\/li>\n<li>2 monitores.<\/li>\n<li>Licencia Resolume Arena.<\/li>\n<\/ul>\n<\/td>\n<\/tr>\n<tr>\n<th scope=\"row\">Sistema de sonido<\/th>\n<td>\n<ul>\n<li>Altavoces.<\/li>\n<li>Interfaz de audio.<\/li>\n<li>Cableado.<\/li>\n<\/ul>\n<\/td>\n<\/tr>\n<tr>\n<th scope=\"row\">Soportes y estructuras<\/th>\n<td>\n<ul>\n<li>Mesa 2 x 1.<\/li>\n<li>4 sillas.<\/li>\n<li>Carpa antilluvia.<\/li>\n<li>Soporte para el proyector.<\/li>\n<li><em>Truss.<\/em><\/li>\n<\/ul>\n<\/td>\n<\/tr>\n<tr>\n<th scope=\"row\">Miscel\u00e1nea<\/th>\n<td>\n<ul>\n<li>Cableado de corriente.<\/li>\n<li>Regletas.<\/li>\n<li>Cinta americana.<\/li>\n<li>Bridas.<\/li>\n<\/ul>\n<\/td>\n<\/tr>\n<\/tbody>\n<\/table>\n<h4><strong>Coordinaci\u00f3n con los proveedores<\/strong><\/h4>\n<p>En el caso de estudio que estamos analizando, el contacto con los proveedores, el alquiler y el montaje de los equipos t\u00e9cnicos eran responsabilidad del Festival de Arte Contempor\u00e1neo de Macao. El equipo de Telenoika estableci\u00f3 comunicaci\u00f3n con el proveedor para validar el equipo t\u00e9cnico y para resolver dudas.<\/p>\n<p>En otros proyectos en los que la producci\u00f3n t\u00e9cnica sea responsabilidad nuestra, tendremos que establecer la coordinaci\u00f3n con los distintos proveedores para poder disponer de todos los recursos materiales y humanos para el desarrollo del proyecto.<\/p>\n","protected":false},"excerpt":{"rendered":"<p>Planos Al hacer la implantaci\u00f3n y crear el plano ubicamos la posici\u00f3n espacial de todos los elementos t\u00e9cnicos y esc\u00e9nicos de un proyecto. En el caso concreto de Macao, la implantaci\u00f3n t\u00e9cnica era tan sencilla que bastaba con definir la ubicaci\u00f3n del proyector de v\u00eddeo, del equipo de sonido y de la zona t\u00e9cnica de [&hellip;]<\/p>\n","protected":false},"author":2,"featured_media":0,"parent":0,"menu_order":0,"comment_status":"closed","ping_status":"closed","template":"","meta":[],"acf":[],"_links":{"self":[{"href":"http:\/\/installacions-audiovisuals-test.recursos.uoc.edu\/es\/wp-json\/wp\/v2\/pages\/793"}],"collection":[{"href":"http:\/\/installacions-audiovisuals-test.recursos.uoc.edu\/es\/wp-json\/wp\/v2\/pages"}],"about":[{"href":"http:\/\/installacions-audiovisuals-test.recursos.uoc.edu\/es\/wp-json\/wp\/v2\/types\/page"}],"author":[{"embeddable":true,"href":"http:\/\/installacions-audiovisuals-test.recursos.uoc.edu\/es\/wp-json\/wp\/v2\/users\/2"}],"replies":[{"embeddable":true,"href":"http:\/\/installacions-audiovisuals-test.recursos.uoc.edu\/es\/wp-json\/wp\/v2\/comments?post=793"}],"version-history":[{"count":8,"href":"http:\/\/installacions-audiovisuals-test.recursos.uoc.edu\/es\/wp-json\/wp\/v2\/pages\/793\/revisions"}],"predecessor-version":[{"id":1118,"href":"http:\/\/installacions-audiovisuals-test.recursos.uoc.edu\/es\/wp-json\/wp\/v2\/pages\/793\/revisions\/1118"}],"wp:attachment":[{"href":"http:\/\/installacions-audiovisuals-test.recursos.uoc.edu\/es\/wp-json\/wp\/v2\/media?parent=793"}],"curies":[{"name":"wp","href":"https:\/\/api.w.org\/{rel}","templated":true}]}}