{"id":799,"date":"2023-05-09T12:01:06","date_gmt":"2023-05-09T10:01:06","guid":{"rendered":"http:\/\/installacions-aud-recursos-test.azurewebsites.net\/?page_id=799"},"modified":"2023-06-12T11:42:24","modified_gmt":"2023-06-12T09:42:24","slug":"2-9-3-proyecto-creativo","status":"publish","type":"page","link":"http:\/\/installacions-audiovisuals-test.recursos.uoc.edu\/es\/2-9-3-proyecto-creativo\/","title":{"rendered":"2.9.3. Proyecto creativo"},"content":{"rendered":"<div class=\"featured featured-blue\"><p>En esta fase comenzamos a desarrollar el concepto de la pieza en contenidos de car\u00e1cter audiovisual, definiendo previamente el desarrollo narrativo y el est\u00e9tico del proyecto.<\/p>\n<\/div>\n<h4><strong>Desarrollo narrativo<\/strong><\/h4>\n<p>A partir del concepto de la pieza, el material gr\u00e1fico obtenido en la visita t\u00e9cnica, la documentaci\u00f3n hist\u00f3rica de la fase de documentaci\u00f3n y la investigaci\u00f3n de referentes est\u00e9ticos, podemos comenzar el desarrollo narrativo de la obra. Definimos la conceptualizaci\u00f3n, la estructura, el desarrollo y los tiempos de las escenas y los nexos entre ellas. Analizamos y establecemos el ritmo interno de las escenas, el ritmo global de la pieza y la adecuaci\u00f3n entre la banda sonora y la imagen.<\/p>\n<p>En el caso concreto de Telenoika en Macao, el concepto de <em>encontros<\/em> permit\u00eda establecer distintas escenas para, a partir de elementos gr\u00e1ficos, transformar la fachada de las ruinas de S. Paul, representando distintos periodos hist\u00f3ricos de la ciudad de Macao o de la propia fachada <em>mapeada<\/em>, y explorando distintas t\u00e9cnicas de creaci\u00f3n audiovisual, recursos de <em>mapping<\/em> y conceptos est\u00e9ticos.<\/p>\n<h4><strong>Desarrollo de herramientas<\/strong><\/h4>\n<p>Por las caracter\u00edsticas t\u00e9cnicas del proyecto, podemos necesitar recurrir a herramientas <em>custom<\/em> de <em>software<\/em> o al dise\u00f1o y la construcci\u00f3n de piezas de ingenier\u00eda t\u00e9cnica o de elementos decorativos.<\/p>\n<p>Para la proyecci\u00f3n del <em>mapping<\/em> <em>Encontros<\/em>, Telenoika Mapping tuvo que desarrollar una herramienta de reproducci\u00f3n de video y <em>warping<\/em>, ya que en el a\u00f1o del desarrollo del proyecto no exist\u00edan aplicaciones dedicadas al <em>mapping<\/em>, como MadMapper o Resolume Arena. Eloi Maduell desarroll\u00f3 una aplicaci\u00f3n llamada <a href=\"https:\/\/telenoika.net\/recurs\/warpmap-0-1\/\" target=\"_blank\" rel=\"noopener\"><em>WarpMap<\/em><\/a> para este prop\u00f3sito.<\/p>\n<h4><strong>Creaci\u00f3n de contenidos visuales<\/strong><\/h4>\n<p>Es en este momento en el que se van a materializar las ideas y los conceptos visuales con la creaci\u00f3n de contenidos. Telenoika usa un lenguaje audiovisual basado en la sincron\u00eda audiovisual, por lo que la creaci\u00f3n de contenidos visuales se trabaja en di\u00e1logo constante con la parte de creaci\u00f3n sonora.<\/p>\n<p>Para la creaci\u00f3n de contenidos del proyecto de Macao, Telenoika us\u00f3 herramientas est\u00e1ndar de composici\u00f3n gr\u00e1fica 2D y 3D, como After Effects y Cinema4D.<\/p>\n<p>Podemos ver ejemplos de creaci\u00f3n de contenidos visuales de distintos proyectos realizados por Telenoika.<\/p>\n<div class=\"featured featured-grey\"><\/p>\n<h3>Resumen de contenidos Mapping Telenoika del periodo 2010-2013<\/h3>\n<div class=\"videowrapper\">\r\n                    <div class=\"videocontent\">\r\n                        <video data-url-desk=\"https:\/\/cdnapisec.kaltura.com\/p\/2453002\/sp\/245300200\/playManifest\/entryId\/1_qxrue3im\/flavorId\/1_8oic7zuu\/format\/url\/protocol\/https\/a.mp4\"  data-url-down=\"https:\/\/cdnapisec.kaltura.com\/p\/2453002\/sp\/2453002\/playManifest\/entryId\/1_qxrue3im\/flavorId\/1_4kp2i2oh\/format\/url\/protocol\/https\/a.mp4\" data-url-mobile=\"https:\/\/cdnapisec.kaltura.com\/p\/2453002\/sp\/2453002\/playManifest\/entryId\/1_qxrue3im\/flavorId\/1_2rcz6q5l\/format\/url\/protocol\/https\/a.mp4\" id=\"1778239720882\" class=\"video-js vjs-default-skin vjs-big-play-centered video-js-fullscreen\" controls preload=\"metadata\" width=\"auto\" height=\"auto\" poster=\"\/wp-content\/uploads\/2023\/05\/Captura-de-pantalla-2023-05-10-a-les-12.53.35.png\">\r\n                                <p class=\"vjs-no-js\">El v\u00eddeo no se puede mostrar.<\/p>\r\n                        <\/video>\r\n                <\/div>\r\n            <\/div>\n<div class=\"tablefooter\"><p>Video 31. Telenoika Mapping Creaci\u00f3n 2D<br \/>\nFuente: Telenoika<\/p>\n<\/div>\n<div class=\"videowrapper\">\r\n                    <div class=\"videocontent\">\r\n                        <video data-url-desk=\"https:\/\/cdnapisec.kaltura.com\/p\/2453002\/sp\/245300200\/playManifest\/entryId\/1_rp6wrwtt\/flavorId\/1_m2tpjv3r\/format\/url\/protocol\/https\/a.mp4\"  data-url-down=\"https:\/\/cdnapisec.kaltura.com\/p\/2453002\/sp\/2453002\/playManifest\/entryId\/1_rp6wrwtt\/flavorId\/1_ddgjchih\/format\/url\/protocol\/https\/a.mp4\" data-url-mobile=\"https:\/\/cdnapisec.kaltura.com\/p\/2453002\/sp\/2453002\/playManifest\/entryId\/1_rp6wrwtt\/flavorId\/1_qiijr0hu\/format\/url\/protocol\/https\/a.mp4\" id=\"1778239772562\" class=\"video-js vjs-default-skin vjs-big-play-centered video-js-fullscreen\" controls preload=\"metadata\" width=\"auto\" height=\"auto\" poster=\"\/wp-content\/uploads\/2023\/05\/Captura-de-pantalla-2023-05-10-a-les-13.06.45.png\">\r\n                                <p class=\"vjs-no-js\">El v\u00eddeo no se puede mostrar.<\/p>\r\n                        <\/video>\r\n                <\/div>\r\n            <\/div>\n<div class=\"tablefooter\"><p>Video 32. Telenoika Mapping Dise\u00f1o y arquitectura<br \/>\nFuente: Telenoika<\/p>\n<\/div>\n<div class=\"videowrapper\">\r\n                    <div class=\"videocontent\">\r\n                        <video data-url-desk=\"https:\/\/cdnapisec.kaltura.com\/p\/2453002\/sp\/245300200\/playManifest\/entryId\/1_4gcymctq\/flavorId\/1_pm6m2ivh\/format\/url\/protocol\/https\/a.mp4\"  data-url-down=\"https:\/\/cdnapisec.kaltura.com\/p\/2453002\/sp\/2453002\/playManifest\/entryId\/1_4gcymctq\/flavorId\/1_6t5f0cxd\/format\/url\/protocol\/https\/a.mp4\" data-url-mobile=\"https:\/\/cdnapisec.kaltura.com\/p\/2453002\/sp\/2453002\/playManifest\/entryId\/1_4gcymctq\/flavorId\/1_t0scj3ot\/format\/url\/protocol\/https\/a.mp4\" id=\"1778239788559\" class=\"video-js vjs-default-skin vjs-big-play-centered video-js-fullscreen\" controls preload=\"metadata\" width=\"auto\" height=\"auto\" poster=\"\/wp-content\/uploads\/2023\/05\/Captura-de-pantalla-2023-05-10-a-les-13.10.37.png\">\r\n                                <p class=\"vjs-no-js\">El v\u00eddeo no se puede mostrar.<\/p>\r\n                        <\/video>\r\n                <\/div>\r\n            <\/div>\n<div class=\"tablefooter\"><p>Video 33. Telenoika Mapping Efectos 2D<br \/>\nFuente: Telenoika<\/p>\n<\/div>\n<div class=\"videowrapper\">\r\n                    <div class=\"videocontent\">\r\n                        <video data-url-desk=\"https:\/\/cdnapisec.kaltura.com\/p\/2453002\/sp\/245300200\/playManifest\/entryId\/1_kd5sli4m\/flavorId\/1_k5ashal2\/format\/url\/protocol\/https\/a.mp4\"  data-url-down=\"https:\/\/cdnapisec.kaltura.com\/p\/2453002\/sp\/2453002\/playManifest\/entryId\/1_kd5sli4m\/flavorId\/1_9lc7ytp1\/format\/url\/protocol\/https\/a.mp4\" data-url-mobile=\"https:\/\/cdnapisec.kaltura.com\/p\/2453002\/sp\/2453002\/playManifest\/entryId\/1_kd5sli4m\/flavorId\/1_tfq64vla\/format\/url\/protocol\/https\/a.mp4\" id=\"1778239709817\" class=\"video-js vjs-default-skin vjs-big-play-centered video-js-fullscreen\" controls preload=\"metadata\" width=\"auto\" height=\"auto\" poster=\"\/wp-content\/uploads\/2023\/05\/Captura-de-pantalla-2023-05-10-a-les-13.14.19-e1683717774100.png\">\r\n                                <p class=\"vjs-no-js\">El v\u00eddeo no se puede mostrar.<\/p>\r\n                        <\/video>\r\n                <\/div>\r\n            <\/div>\n<div class=\"tablefooter\"><p>Video 34. Telenoika Mapping Narrativa<br \/>\nFuente: Telenoika<\/p>\n<\/div>\n<div class=\"videowrapper\">\r\n                    <div class=\"videocontent\">\r\n                        <video data-url-desk=\"https:\/\/cdnapisec.kaltura.com\/p\/2453002\/sp\/245300200\/playManifest\/entryId\/1_f6z447k6\/flavorId\/1_wtl9orky\/format\/url\/protocol\/https\/a.mp4\"  data-url-down=\"https:\/\/cdnapisec.kaltura.com\/p\/2453002\/sp\/2453002\/playManifest\/entryId\/1_f6z447k6\/flavorId\/1_9nsyqfag\/format\/url\/protocol\/https\/a.mp4\" data-url-mobile=\"https:\/\/cdnapisec.kaltura.com\/p\/2453002\/sp\/2453002\/playManifest\/entryId\/1_f6z447k6\/flavorId\/1_1vicacod\/format\/url\/protocol\/https\/a.mp4\" id=\"1778239703404\" class=\"video-js vjs-default-skin vjs-big-play-centered video-js-fullscreen\" controls preload=\"metadata\" width=\"auto\" height=\"auto\" poster=\"\/wp-content\/uploads\/2023\/05\/Captura-de-pantalla-2023-05-10-a-les-13.21.32.png\">\r\n                                <p class=\"vjs-no-js\">El v\u00eddeo no se puede mostrar.<\/p>\r\n                        <\/video>\r\n                <\/div>\r\n            <\/div>\n<div class=\"tablefooter\"><p>Video 35. Telenoika Mapping Sincron\u00eda audiovisual<br \/>\nFuente: Telenoika<\/p>\n<\/div>\n<div class=\"videowrapper\">\r\n                    <div class=\"videocontent\">\r\n                        <video data-url-desk=\"https:\/\/cdnapisec.kaltura.com\/p\/2453002\/sp\/245300200\/playManifest\/entryId\/1_4abomcgv\/flavorId\/1_tl95fxrm\/format\/url\/protocol\/https\/a.mp4\"  data-url-down=\"https:\/\/cdnapisec.kaltura.com\/p\/2453002\/sp\/2453002\/playManifest\/entryId\/1_4abomcgv\/flavorId\/1_8uc315bj\/format\/url\/protocol\/https\/a.mp4\" data-url-mobile=\"https:\/\/cdnapisec.kaltura.com\/p\/2453002\/sp\/2453002\/playManifest\/entryId\/1_4abomcgv\/flavorId\/1_8uc315bj\/format\/url\/protocol\/https\/a.mp4\" id=\"1778239736229\" class=\"video-js vjs-default-skin vjs-big-play-centered video-js-fullscreen\" controls preload=\"metadata\" width=\"auto\" height=\"auto\" poster=\"\/wp-content\/uploads\/2023\/05\/Captura-de-pantalla-2023-05-10-a-les-13.26.33-e1683718327629.png\">\r\n                                <p class=\"vjs-no-js\">El v\u00eddeo no se puede mostrar.<\/p>\r\n                        <\/video>\r\n                <\/div>\r\n            <\/div>\n<div class=\"tablefooter\"><p>Video 36. Telenoika Mapping Efectos 3D<br \/>\nFuente: Telenoika<\/p>\n<\/div>\n<div class=\"videowrapper\">\r\n                    <div class=\"videocontent\">\r\n                        <video data-url-desk=\"https:\/\/cdnapisec.kaltura.com\/p\/2453002\/sp\/245300200\/playManifest\/entryId\/1_u62zeop8\/flavorId\/1_o7b0i9nd\/format\/url\/protocol\/https\/a.mp4\"  data-url-down=\"https:\/\/cdnapisec.kaltura.com\/p\/2453002\/sp\/2453002\/playManifest\/entryId\/1_u62zeop8\/flavorId\/1_argqhnxe\/format\/url\/protocol\/https\/a.mp4\" data-url-mobile=\"https:\/\/cdnapisec.kaltura.com\/p\/2453002\/sp\/2453002\/playManifest\/entryId\/1_u62zeop8\/flavorId\/1_71p4jzu6\/format\/url\/protocol\/https\/a.mp4\" id=\"1778239756595\" class=\"video-js vjs-default-skin vjs-big-play-centered video-js-fullscreen\" controls preload=\"metadata\" width=\"auto\" height=\"auto\" poster=\"\/wp-content\/uploads\/2023\/05\/Captura-de-pantalla-2023-05-10-a-les-13.34.45-e1683718551729.png\">\r\n                                <p class=\"vjs-no-js\">El v\u00eddeo no se puede mostrar.<\/p>\r\n                        <\/video>\r\n                <\/div>\r\n            <\/div>\n<div class=\"tablefooter\"><p>Video 37. Telenoika Mapping Intrusiones y extrusiones 3D<br \/>\nFuente: Telenoika<\/p>\n<\/div>\n<div class=\"videowrapper\">\r\n                    <div class=\"videocontent\">\r\n                        <video data-url-desk=\"https:\/\/cdnapisec.kaltura.com\/p\/2453002\/sp\/245300200\/playManifest\/entryId\/1_n8ig74p7\/flavorId\/1_w81zp501\/format\/url\/protocol\/https\/a.mp4\"  data-url-down=\"https:\/\/cdnapisec.kaltura.com\/p\/2453002\/sp\/2453002\/playManifest\/entryId\/1_n8ig74p7\/flavorId\/1_orzengd7\/format\/url\/protocol\/https\/a.mp4\" data-url-mobile=\"https:\/\/cdnapisec.kaltura.com\/p\/2453002\/sp\/2453002\/playManifest\/entryId\/1_n8ig74p7\/flavorId\/1_iuxai8dq\/format\/url\/protocol\/https\/a.mp4\" id=\"1778239785732\" class=\"video-js vjs-default-skin vjs-big-play-centered video-js-fullscreen\" controls preload=\"metadata\" width=\"auto\" height=\"auto\" poster=\"\/wp-content\/uploads\/2023\/05\/Captura-de-pantalla-2023-05-10-a-les-13.39.29-e1683718842996.png\">\r\n                                <p class=\"vjs-no-js\">El v\u00eddeo no se puede mostrar.<\/p>\r\n                        <\/video>\r\n                <\/div>\r\n            <\/div>\n<div class=\"tablefooter\"><p>Video 38. Telenoika Mapping Luces<br \/>\nFuente: Telenoika<\/p>\n<\/div>\n<div class=\"videowrapper\">\r\n                    <div class=\"videocontent\">\r\n                        <video data-url-desk=\"https:\/\/cdnapisec.kaltura.com\/p\/2453002\/sp\/245300200\/playManifest\/entryId\/1_ko65vy2n\/flavorId\/1_ckp6qw2h\/format\/url\/protocol\/https\/a.mp4\"  data-url-down=\"https:\/\/cdnapisec.kaltura.com\/p\/2453002\/sp\/2453002\/playManifest\/entryId\/1_ko65vy2n\/flavorId\/1_s9lgy6du\/format\/url\/protocol\/https\/a.mp4\" data-url-mobile=\"https:\/\/cdnapisec.kaltura.com\/p\/2453002\/sp\/2453002\/playManifest\/entryId\/1_ko65vy2n\/flavorId\/1_c4ie59fy\/format\/url\/protocol\/https\/a.mp4\" id=\"1778239749008\" class=\"video-js vjs-default-skin vjs-big-play-centered video-js-fullscreen\" controls preload=\"metadata\" width=\"auto\" height=\"auto\" poster=\"\/wp-content\/uploads\/2023\/05\/Captura-de-pantalla-2023-05-10-a-les-13.45.31-e1683719178474.png\">\r\n                                <p class=\"vjs-no-js\">El v\u00eddeo no se puede mostrar.<\/p>\r\n                        <\/video>\r\n                <\/div>\r\n            <\/div>\n<div class=\"tablefooter\"><p>Video 39. Telenoika Mapping luces y sombras 3D<br \/>\nFuente: Telenoika<\/p>\n<\/div>\n<div class=\"videowrapper\">\r\n                    <div class=\"videocontent\">\r\n                        <video data-url-desk=\"https:\/\/cdnapisec.kaltura.com\/p\/2453002\/sp\/245300200\/playManifest\/entryId\/1_qn8e9dhu\/flavorId\/1_q21nzto0\/format\/url\/protocol\/https\/a.mp4\"  data-url-down=\"https:\/\/cdnapisec.kaltura.com\/p\/2453002\/sp\/2453002\/playManifest\/entryId\/1_qn8e9dhu\/flavorId\/1_vnl3kuey\/format\/url\/protocol\/https\/a.mp4\" data-url-mobile=\"https:\/\/cdnapisec.kaltura.com\/p\/2453002\/sp\/2453002\/playManifest\/entryId\/1_qn8e9dhu\/flavorId\/1_vsm8iy9z\/format\/url\/protocol\/https\/a.mp4\" id=\"1778239774315\" class=\"video-js vjs-default-skin vjs-big-play-centered video-js-fullscreen\" controls preload=\"metadata\" width=\"auto\" height=\"auto\" poster=\"\/wp-content\/uploads\/2023\/05\/Captura-de-pantalla-2023-05-10-a-les-13.54.42-e1683719777725.png\">\r\n                                <p class=\"vjs-no-js\">El v\u00eddeo no se puede mostrar.<\/p>\r\n                        <\/video>\r\n                <\/div>\r\n            <\/div>\n<div class=\"tablefooter\"><p>Video 40. Telenoika Mapping Nexos entre escenas<br \/>\nFuente: Telenoika<\/p>\n<\/div>\n<p>\n<\/div>\n<h4><strong>Sonificaci\u00f3n<\/strong><\/h4>\n<p>En las fases previas de desarrollo conceptual, est\u00e9tico y narrativo se ha establecido el dise\u00f1o sonoro de la pieza. Es durante la sonificaci\u00f3n que se materializa el contenido de la banda sonora del espect\u00e1culo: se crean los distintos elementos de la banda sonora compuesta por m\u00fasica y efectos sonoros.<\/p>\n<p>En el caso de Telenoika, el di\u00e1logo entre la creaci\u00f3n sonora y la creaci\u00f3n visual es determinante para el desarrollo del lenguaje sincr\u00f3nico y su imaginer\u00eda audiovisual.<\/p>\n<p>En los videos anteriores podemos escuchar ejemplos de las distintas bandas sonoras compuestas por Telenoika Mapping.<\/p>\n<h4><strong>Tests de estr\u00e9s de las herramientas<\/strong><\/h4>\n<p>Es interesante poner a prueba las herramientas de <em>software<\/em> y <em>hardware<\/em> que se usar\u00e1n en el montaje de nuestro proyecto para analizar su rendimiento y tener margen de maniobra en caso de que se requieran modificaciones o de que se necesite un <em>hardware <\/em>con m\u00e1s potencia.<\/p>\n<p>En el caso de <em>Encontros<\/em>, se estableci\u00f3 una fase de pruebas para comprobar la robustez del <em>software<\/em> WarpMap y la potencia de la computadora en la reproducci\u00f3n de los contenidos audiovisuales.<\/p>\n<p>&nbsp;<\/p>\n","protected":false},"excerpt":{"rendered":"<p>Desarrollo narrativo A partir del concepto de la pieza, el material gr\u00e1fico obtenido en la visita t\u00e9cnica, la documentaci\u00f3n hist\u00f3rica de la fase de documentaci\u00f3n y la investigaci\u00f3n de referentes est\u00e9ticos, podemos comenzar el desarrollo narrativo de la obra. Definimos la conceptualizaci\u00f3n, la estructura, el desarrollo y los tiempos de las escenas y los nexos [&hellip;]<\/p>\n","protected":false},"author":2,"featured_media":0,"parent":0,"menu_order":0,"comment_status":"closed","ping_status":"closed","template":"","meta":[],"acf":[],"_links":{"self":[{"href":"http:\/\/installacions-audiovisuals-test.recursos.uoc.edu\/es\/wp-json\/wp\/v2\/pages\/799"}],"collection":[{"href":"http:\/\/installacions-audiovisuals-test.recursos.uoc.edu\/es\/wp-json\/wp\/v2\/pages"}],"about":[{"href":"http:\/\/installacions-audiovisuals-test.recursos.uoc.edu\/es\/wp-json\/wp\/v2\/types\/page"}],"author":[{"embeddable":true,"href":"http:\/\/installacions-audiovisuals-test.recursos.uoc.edu\/es\/wp-json\/wp\/v2\/users\/2"}],"replies":[{"embeddable":true,"href":"http:\/\/installacions-audiovisuals-test.recursos.uoc.edu\/es\/wp-json\/wp\/v2\/comments?post=799"}],"version-history":[{"count":4,"href":"http:\/\/installacions-audiovisuals-test.recursos.uoc.edu\/es\/wp-json\/wp\/v2\/pages\/799\/revisions"}],"predecessor-version":[{"id":803,"href":"http:\/\/installacions-audiovisuals-test.recursos.uoc.edu\/es\/wp-json\/wp\/v2\/pages\/799\/revisions\/803"}],"wp:attachment":[{"href":"http:\/\/installacions-audiovisuals-test.recursos.uoc.edu\/es\/wp-json\/wp\/v2\/media?parent=799"}],"curies":[{"name":"wp","href":"https:\/\/api.w.org\/{rel}","templated":true}]}}